{"id":3537,"date":"2024-10-14T22:22:53","date_gmt":"2024-10-14T22:22:53","guid":{"rendered":"http:\/\/pegasuslingo.com\/?page_id=3537"},"modified":"2024-10-14T22:25:27","modified_gmt":"2024-10-14T22:25:27","slug":"%e5%9b%a2%e9%98%9f-jose-huang","status":"publish","type":"page","link":"https:\/\/pegasuslingo.com\/?page_id=3537\/","title":{"rendered":"\u56e2\u961f Jos\u00e9 Huang"},"content":{"rendered":"\t\t<div data-elementor-type=\"wp-page\" data-elementor-id=\"3537\" class=\"elementor elementor-3537\">\n\t\t\t\t<div class=\"elementor-element elementor-element-f4e8278 team-details section-padding fix e-flex e-con-boxed e-con e-parent\" data-id=\"f4e8278\" data-element_type=\"container\">\n\t\t\t\t\t<div class=\"e-con-inner\">\n\t\t<div class=\"elementor-element elementor-element-694098d e-con-full team-details-wrapper e-flex e-con e-child\" data-id=\"694098d\" data-element_type=\"container\">\n\t\t\t\t<div class=\"elementor-element elementor-element-c1817a0 elementor-widget elementor-widget-azent_team_details\" data-id=\"c1817a0\" data-element_type=\"widget\" data-widget_type=\"azent_team_details.default\">\n\t\t\t\t<div class=\"elementor-widget-container\">\n\t\t\t\r\n            <!-- team details Section Start -->\r\n            <div class=\"team-details-image-area\">\r\n                <div class=\"row g-4\">\r\n                    <div class=\"col-lg-2\">\r\n                        <h2 class=\"text\"> \u8bd1\u60f3\u5bb6<\/h2>\r\n                    <\/div>\r\n                    <div class=\"col-lg-4\">\r\n                        <div class=\"details-iamge bg-cover\" style=\"background-image: url(https:\/\/pegasuslingo.com\/wp-content\/uploads\/2024\/10\/Jose-Huang-1.png);\"><\/div>\r\n                    <\/div>\r\n                    <div class=\"col-lg-1\"><\/div>\r\n                    <div class=\"col-lg-4\">\r\n                        <div class=\"right-content\">\r\n                            <h2>\u56e2\u961f Jos\u00e9 Huang<\/h2>\r\n                            <p>\u9996\u5e2d\u7b14\u8bd1\u5458<\/p>\r\n                            <div class=\"list\">\r\n                                                                    <h5 class=\"mb-3\">\u82f1\u8bed\uff1a<span>Chief Translator <\/span>\n<\/h5>\r\n                                                                    <h5 class=\"mb-3\">\u897f\u8bed\uff1a<span>Traductor Principal<\/span>\n<\/h5>\r\n                                                            <\/div>\r\n                                                            <div class=\"social-icon d-flex align-items-center\">\r\n                                                                            <a href=\"https:\/\/www.facebook.com\" class=\"color-1\">                                                                                                                                        <i class=\"fab fa-facebook-f\"><\/i>\r\n                                            <\/a>\r\n                                                                            <a href=\"https:\/\/www.twitter.com\" class=\"color-2\">                                                                                                                                        <i class=\"fab fa-twitter\"><\/i>\r\n                                            <\/a>\r\n                                                                            <a href=\"https:\/\/www.youtube.com\" class=\"color-3\">                                                                                                                                        <i class=\"fab fa-youtube\"><\/i>\r\n                                            <\/a>\r\n                                                                            <a href=\"https:\/\/www.linkedin.com\" class=\"color-4\">                                                                                                                                        <i class=\"fab fa-linkedin-in\"><\/i>\r\n                                            <\/a>\r\n                                                                    <\/div>\r\n                                                    <\/div>\r\n                    <\/div>\r\n                <\/div>\r\n            <\/div>\r\n            <!-- team details  End  -->\r\n\t\t<\/div>\n\t\t\t\t<\/div>\n\t\t<div class=\"elementor-element elementor-element-1ad98b2 e-con-full team-details-content section-padding pb-0 e-flex e-con e-child\" data-id=\"1ad98b2\" data-element_type=\"container\">\n\t\t\t\t<div class=\"elementor-element elementor-element-059efc5 elementor-widget elementor-widget-heading\" data-id=\"059efc5\" data-element_type=\"widget\" data-widget_type=\"heading.default\">\n\t\t\t\t<div class=\"elementor-widget-container\">\n\t\t\t<h2 class=\"elementor-heading-title elementor-size-default\">\u4e2d\u6587\u4ecb\u7ecd:<\/h2>\t\t<\/div>\n\t\t\t\t<\/div>\n\t\t\t\t<div class=\"elementor-element elementor-element-c386706 elementor-widget elementor-widget-text-editor\" data-id=\"c386706\" data-element_type=\"widget\" data-widget_type=\"text-editor.default\">\n\t\t\t\t<div class=\"elementor-widget-container\">\n\t\t\t\t\t\t\t<p>\u5317\u5916\u9ad8\u7ffb\u540c\u58f0\u4f20\u8bd1\u7855\u58eb\u548c\u8499\u7279\u96f7\u56fd\u9645\u7814\u7a76\u9662\u7ffb\u8bd1\u7855\u58eb\u3002\u4ed6\u62e5\u6709\u8d85\u8fc712\u5e74\u804c\u4e1a\u7ffb\u8bd1\u7ecf\u9a8c\uff0c\u73b0\u4e3a\u8054\u5408\u56fd\u7cfb\u7edfT2\u7ea7\u522b\u8bd1\u5458\u3002\u4ed6\u6301\u6709CATTI\u4e00\u7ea7\u7b14\u8bd1\u8bc1\u4e66\uff0c\u64c5\u957f\u7ffb\u8bd1\u3001\u5ba1\u8bd1\u3001\u8bd1\u540e\u7f16\u8f91\u3001\u542c\u8bd1\u3001\u521b\u8bd1\u548c\u9879\u76ee\u7ba1\u7406\uff0c\u62e5\u6709\u56fd\u9645\u7ec4\u7ec7\u3001\u80fd\u6e90\u3001\u6c7d\u8f66\u3001\u4f53\u80b2\u548c\u53e4\u4ee3\u4e2d\u56fd\u6587\u5316\u9886\u57df\u4e30\u5bcc\u7684\u9879\u76ee\u7ecf\u9a8c\u3002\u540c\u65f6\u4ed6\u4e5f\u662f\u4e00\u4f4d\u72c2\u70ed\u7684\u8db3\u7403\u8ff7\uff0c\u70ed\u8877\u4e8e\u65c5\u884c\u3001\u7f8e\u98df\u548c\u97f3\u4e50\u3002<\/p>\t\t\t\t\t\t<\/div>\n\t\t\t\t<\/div>\n\t\t\t\t<div class=\"elementor-element elementor-element-78f6c77 elementor-widget elementor-widget-azent_team_skill\" data-id=\"78f6c77\" data-element_type=\"widget\" data-widget_type=\"azent_team_skill.default\">\n\t\t\t\t<div class=\"elementor-widget-container\">\n\t\t\t\r\n            <!-- Team Skill Section Start -->\r\n            <div class=\"details-information-area\">\r\n                <div class=\"row g-4 justify-content-between\">\r\n                    <div class=\"col-lg-5\">\r\n                        <div class=\"progress-wrap\">\r\n                                                            <div class=\"pro-items\">\r\n                                    <div class=\"pro-head\">\r\n                                        <h6 class=\"title\">\r\n                                            \u8d85\u8fc712\u5e74\u804c\u4e1a\u7ffb\u8bd1\u7ecf\u9a8c\uff0c\u73b0\u4e3a\u8054\u5408\u56fd\u7cfb\u7edfT2\u7ea7\u522b\u8bd1\u5458                                        <\/h6>\r\n                                        <span class=\"point\">\r\n                                            \u7cbe\u901a                                        <\/span>\r\n                                    <\/div>\r\n                                    <div class=\"progress\">\r\n                                        <div class=\"progress-value\"><\/div>\r\n                                    <\/div>\r\n                                <\/div>\r\n                                                            <div class=\"pro-items\">\r\n                                    <div class=\"pro-head\">\r\n                                        <h6 class=\"title\">\r\n                                            \u6301\u6709CATTI\u4e00\u7ea7\u7b14\u8bd1\u8bc1\u4e66                                        <\/h6>\r\n                                        <span class=\"point\">\r\n                                            \u4e13\u4e1a                                        <\/span>\r\n                                    <\/div>\r\n                                    <div class=\"progress\">\r\n                                        <div class=\"progress-value\"><\/div>\r\n                                    <\/div>\r\n                                <\/div>\r\n                                                    <\/div>\r\n                    <\/div>\r\n                    <div class=\"col-lg-6\">\r\n                        <div class=\"information-content-items\">\r\n                                                            <div class=\"content-box-area\">\r\n                                    <div class=\"content mb-4\">\r\n                                        <h3>\u5317\u5916\u9ad8\u7ffb\u540c\u58f0\u4f20\u8bd1\u7855\u58eb\u548c\u8499\u7279\u96f7\u56fd\u9645\u7814\u7a76\u9662\u7ffb\u8bd1\u7855\u58eb\u3002<\/h3>\r\n                                        <p><\/p>\r\n                                    <\/div>\r\n                                    <div class=\"content\">\r\n                                        <h3><\/h3>\r\n                                        <p><\/p>\r\n                                    <\/div>\r\n                                <\/div>\r\n                                                    <\/div>\r\n                    <\/div>\r\n                <\/div>\r\n            <\/div>\r\n            <!-- End  Team Details Style One -->\r\n\r\n\r\n\t\t<\/div>\n\t\t\t\t<\/div>\n\t\t\t\t<div class=\"elementor-element elementor-element-f86d19c elementor-widget elementor-widget-spacer\" data-id=\"f86d19c\" data-element_type=\"widget\" data-widget_type=\"spacer.default\">\n\t\t\t\t<div class=\"elementor-widget-container\">\n\t\t\t\t\t<div class=\"elementor-spacer\">\n\t\t\t<div class=\"elementor-spacer-inner\"><\/div>\n\t\t<\/div>\n\t\t\t\t<\/div>\n\t\t\t\t<\/div>\n\t\t\t\t<div class=\"elementor-element elementor-element-22fb311 elementor-widget elementor-widget-heading\" data-id=\"22fb311\" data-element_type=\"widget\" data-widget_type=\"heading.default\">\n\t\t\t\t<div class=\"elementor-widget-container\">\n\t\t\t<h2 class=\"elementor-heading-title elementor-size-default\">\u82f1\u8bed\u7b80\u4ecb\uff1a<\/h2>\t\t<\/div>\n\t\t\t\t<\/div>\n\t\t\t\t<div class=\"elementor-element elementor-element-7ba9031 elementor-widget elementor-widget-text-editor\" data-id=\"7ba9031\" data-element_type=\"widget\" data-widget_type=\"text-editor.default\">\n\t\t\t\t<div class=\"elementor-widget-container\">\n\t\t\t\t\t\t\t<p>He holds a Master\u2019s degree in Conference Interpreting from the Graduate School of Translation and Interpretation at BFSU and a Master\u2019s in Translation from MIIS. With over 12 years of professional translation experience, he is currently a T2-level interpreter for the UN system. He has a CATTI Level I certificate in translation and excels in translation, proofreading, post-editing, transcription, transcreation, and project management. He has extensive project experience in fields such as international organizations, energy, automotive, sports, and ancient Chinese culture. He is also an avid football fan, passionate about travel, food, and music.<\/p>\t\t\t\t\t\t<\/div>\n\t\t\t\t<\/div>\n\t\t\t\t<div class=\"elementor-element elementor-element-598ead2 elementor-widget elementor-widget-spacer\" data-id=\"598ead2\" data-element_type=\"widget\" data-widget_type=\"spacer.default\">\n\t\t\t\t<div class=\"elementor-widget-container\">\n\t\t\t\t\t<div class=\"elementor-spacer\">\n\t\t\t<div class=\"elementor-spacer-inner\"><\/div>\n\t\t<\/div>\n\t\t\t\t<\/div>\n\t\t\t\t<\/div>\n\t\t\t\t<\/div>\n\t\t\t\t<\/div>\n\t\t\t\t<div class=\"elementor-element elementor-element-6fab4d9 elementor-widget elementor-widget-heading\" data-id=\"6fab4d9\" data-element_type=\"widget\" data-widget_type=\"heading.default\">\n\t\t\t\t<div class=\"elementor-widget-container\">\n\t\t\t<h2 class=\"elementor-heading-title elementor-size-default\">\u897f\u8bed\u7b80\u4ecb\uff1a<\/h2>\t\t<\/div>\n\t\t\t\t<\/div>\n\t\t\t\t<div class=\"elementor-element elementor-element-7478f7e elementor-widget elementor-widget-spacer\" data-id=\"7478f7e\" data-element_type=\"widget\" data-widget_type=\"spacer.default\">\n\t\t\t\t<div class=\"elementor-widget-container\">\n\t\t\t\t\t<div class=\"elementor-spacer\">\n\t\t\t<div class=\"elementor-spacer-inner\"><\/div>\n\t\t<\/div>\n\t\t\t\t<\/div>\n\t\t\t\t<\/div>\n\t\t\t\t<div class=\"elementor-element elementor-element-f985264 elementor-widget elementor-widget-text-editor\" data-id=\"f985264\" data-element_type=\"widget\" data-widget_type=\"text-editor.default\">\n\t\t\t\t<div class=\"elementor-widget-container\">\n\t\t\t\t\t\t\t<p>Tiene una maestr\u00eda en Interpretaci\u00f3n de Conferencias de la Escuela de Traducci\u00f3n e Interpretaci\u00f3n de BFSU y una maestr\u00eda en Traducci\u00f3n de MIIS. Con m\u00e1s de 12 a\u00f1os de experiencia profesional en traducci\u00f3n, actualmente es un int\u00e9rprete de nivel T2 en el sistema de las Naciones Unidas. Posee el certificado de traducci\u00f3n de Nivel I de CATTI y se especializa en traducci\u00f3n, revisi\u00f3n, edici\u00f3n posterior, transcripci\u00f3n, transcreaci\u00f3n y gesti\u00f3n de proyectos. Tiene amplia experiencia en proyectos en los campos de organizaciones internacionales, energ\u00eda, automoci\u00f3n, deportes y cultura antigua china. Adem\u00e1s, es un apasionado fan\u00e1tico del f\u00fatbol, \u200b\u200bentusiasta de los viajes, la gastronom\u00eda y la m\u00fasica.<\/p>\t\t\t\t\t\t<\/div>\n\t\t\t\t<\/div>\n\t\t\t\t\t<\/div>\n\t\t\t\t<\/div>\n\t\t\t\t<\/div>\n\t\t","protected":false},"excerpt":{"rendered":"<p>\u8bd1\u60f3\u5bb6 \u56e2\u961f Jos\u00e9 Huang \u9996\u5e2d\u7b14\u8bd1\u5458 \u82f1\u8bed\uff1aChief Translator \u897f\u8bed\uff1aTraducto&#8230;<\/p>\n","protected":false},"author":1,"featured_media":0,"parent":0,"menu_order":0,"comment_status":"closed","ping_status":"closed","template":"","meta":{"footnotes":""},"class_list":["post-3537","page","type-page","status-publish","hentry"],"yoast_head":"<!-- This site is optimized with the Yoast SEO plugin v26.1.1 - https:\/\/yoast.com\/wordpress\/plugins\/seo\/ -->\n<title>\u56e2\u961f Jos\u00e9 Huang - Pegasus \u4e0a\u6d77\u8bd1\u60f3\u5bb6\u7ffb\u8bd1\u6709\u9650\u516c\u53f8<\/title>\n<meta name=\"description\" content=\"\u4e0a\u6d77\u8bd1\u60f3\u5bb6\u7ffb\u8bd1\u6709\u9650\u516c\u53f8\" \/>\n<meta name=\"robots\" content=\"index, follow, max-snippet:-1, max-image-preview:large, max-video-preview:-1\" \/>\n<link rel=\"canonical\" href=\"https:\/\/pegasuslingo.com\/?page_id=3537\/\" \/>\n<meta property=\"og:locale\" content=\"zh_CN\" \/>\n<meta property=\"og:type\" content=\"article\" \/>\n<meta property=\"og:title\" content=\"\u56e2\u961f Jos\u00e9 Huang - Pegasus \u4e0a\u6d77\u8bd1\u60f3\u5bb6\u7ffb\u8bd1\u6709\u9650\u516c\u53f8\" \/>\n<meta property=\"og:description\" content=\"\u4e0a\u6d77\u8bd1\u60f3\u5bb6\u7ffb\u8bd1\u6709\u9650\u516c\u53f8\" \/>\n<meta property=\"og:url\" content=\"https:\/\/pegasuslingo.com\/?page_id=3537\/\" \/>\n<meta property=\"og:site_name\" content=\"Pegasus\" \/>\n<meta property=\"article:modified_time\" content=\"2024-10-14T22:25:27+00:00\" \/>\n<meta name=\"twitter:card\" content=\"summary_large_image\" \/>\n<meta name=\"twitter:label1\" content=\"\u9884\u8ba1\u9605\u8bfb\u65f6\u95f4\" \/>\n\t<meta name=\"twitter:data1\" content=\"1 \u5206\" \/>\n<script type=\"application\/ld+json\" class=\"yoast-schema-graph\">{\"@context\":\"https:\/\/schema.org\",\"@graph\":[{\"@type\":\"WebPage\",\"@id\":\"https:\/\/pegasuslingo.com\/?page_id=3537\/\",\"url\":\"https:\/\/pegasuslingo.com\/?page_id=3537\/\",\"name\":\"\u56e2\u961f Jos\u00e9 Huang - Pegasus \u4e0a\u6d77\u8bd1\u60f3\u5bb6\u7ffb\u8bd1\u6709\u9650\u516c\u53f8\",\"isPartOf\":{\"@id\":\"https:\/\/pegasuslingo.com\/#website\"},\"datePublished\":\"2024-10-14T22:22:53+00:00\",\"dateModified\":\"2024-10-14T22:25:27+00:00\",\"description\":\"\u4e0a\u6d77\u8bd1\u60f3\u5bb6\u7ffb\u8bd1\u6709\u9650\u516c\u53f8\",\"breadcrumb\":{\"@id\":\"https:\/\/pegasuslingo.com\/?page_id=3537\/#breadcrumb\"},\"inLanguage\":\"zh-Hans\",\"potentialAction\":[{\"@type\":\"ReadAction\",\"target\":[\"https:\/\/pegasuslingo.com\/?page_id=3537\/\"]}]},{\"@type\":\"BreadcrumbList\",\"@id\":\"https:\/\/pegasuslingo.com\/?page_id=3537\/#breadcrumb\",\"itemListElement\":[{\"@type\":\"ListItem\",\"position\":1,\"name\":\"\u9996\u9875\",\"item\":\"https:\/\/pegasuslingo.com\/\"},{\"@type\":\"ListItem\",\"position\":2,\"name\":\"\u56e2\u961f Jos\u00e9 Huang\"}]},{\"@type\":\"WebSite\",\"@id\":\"https:\/\/pegasuslingo.com\/#website\",\"url\":\"https:\/\/pegasuslingo.com\/\",\"name\":\"Pegasus\",\"description\":\"Soaring Beyond Borders\",\"publisher\":{\"@id\":\"https:\/\/pegasuslingo.com\/#organization\"},\"potentialAction\":[{\"@type\":\"SearchAction\",\"target\":{\"@type\":\"EntryPoint\",\"urlTemplate\":\"https:\/\/pegasuslingo.com\/?s={search_term_string}\"},\"query-input\":{\"@type\":\"PropertyValueSpecification\",\"valueRequired\":true,\"valueName\":\"search_term_string\"}}],\"inLanguage\":\"zh-Hans\"},{\"@type\":\"Organization\",\"@id\":\"https:\/\/pegasuslingo.com\/#organization\",\"name\":\"Pegasus\",\"url\":\"https:\/\/pegasuslingo.com\/\",\"logo\":{\"@type\":\"ImageObject\",\"inLanguage\":\"zh-Hans\",\"@id\":\"https:\/\/pegasuslingo.com\/#\/schema\/logo\/image\/\",\"url\":\"https:\/\/pegasuslingo.com\/wp-content\/uploads\/2025\/10\/DM_20251009075914_005.webp\",\"contentUrl\":\"https:\/\/pegasuslingo.com\/wp-content\/uploads\/2025\/10\/DM_20251009075914_005.webp\",\"width\":512,\"height\":512,\"caption\":\"Pegasus\"},\"image\":{\"@id\":\"https:\/\/pegasuslingo.com\/#\/schema\/logo\/image\/\"},\"sameAs\":[\"https:\/\/www.linkedin.com\/company\/pegasuslingo\"]}]}<\/script>\n<!-- \/ Yoast SEO plugin. -->","yoast_head_json":{"title":"\u56e2\u961f Jos\u00e9 Huang - Pegasus \u4e0a\u6d77\u8bd1\u60f3\u5bb6\u7ffb\u8bd1\u6709\u9650\u516c\u53f8","description":"\u4e0a\u6d77\u8bd1\u60f3\u5bb6\u7ffb\u8bd1\u6709\u9650\u516c\u53f8","robots":{"index":"index","follow":"follow","max-snippet":"max-snippet:-1","max-image-preview":"max-image-preview:large","max-video-preview":"max-video-preview:-1"},"canonical":"https:\/\/pegasuslingo.com\/?page_id=3537\/","og_locale":"zh_CN","og_type":"article","og_title":"\u56e2\u961f Jos\u00e9 Huang - Pegasus \u4e0a\u6d77\u8bd1\u60f3\u5bb6\u7ffb\u8bd1\u6709\u9650\u516c\u53f8","og_description":"\u4e0a\u6d77\u8bd1\u60f3\u5bb6\u7ffb\u8bd1\u6709\u9650\u516c\u53f8","og_url":"https:\/\/pegasuslingo.com\/?page_id=3537\/","og_site_name":"Pegasus","article_modified_time":"2024-10-14T22:25:27+00:00","twitter_card":"summary_large_image","twitter_misc":{"\u9884\u8ba1\u9605\u8bfb\u65f6\u95f4":"1 \u5206"},"schema":{"@context":"https:\/\/schema.org","@graph":[{"@type":"WebPage","@id":"https:\/\/pegasuslingo.com\/?page_id=3537\/","url":"https:\/\/pegasuslingo.com\/?page_id=3537\/","name":"\u56e2\u961f Jos\u00e9 Huang - Pegasus \u4e0a\u6d77\u8bd1\u60f3\u5bb6\u7ffb\u8bd1\u6709\u9650\u516c\u53f8","isPartOf":{"@id":"https:\/\/pegasuslingo.com\/#website"},"datePublished":"2024-10-14T22:22:53+00:00","dateModified":"2024-10-14T22:25:27+00:00","description":"\u4e0a\u6d77\u8bd1\u60f3\u5bb6\u7ffb\u8bd1\u6709\u9650\u516c\u53f8","breadcrumb":{"@id":"https:\/\/pegasuslingo.com\/?page_id=3537\/#breadcrumb"},"inLanguage":"zh-Hans","potentialAction":[{"@type":"ReadAction","target":["https:\/\/pegasuslingo.com\/?page_id=3537\/"]}]},{"@type":"BreadcrumbList","@id":"https:\/\/pegasuslingo.com\/?page_id=3537\/#breadcrumb","itemListElement":[{"@type":"ListItem","position":1,"name":"\u9996\u9875","item":"https:\/\/pegasuslingo.com\/"},{"@type":"ListItem","position":2,"name":"\u56e2\u961f Jos\u00e9 Huang"}]},{"@type":"WebSite","@id":"https:\/\/pegasuslingo.com\/#website","url":"https:\/\/pegasuslingo.com\/","name":"Pegasus","description":"Soaring Beyond Borders","publisher":{"@id":"https:\/\/pegasuslingo.com\/#organization"},"potentialAction":[{"@type":"SearchAction","target":{"@type":"EntryPoint","urlTemplate":"https:\/\/pegasuslingo.com\/?s={search_term_string}"},"query-input":{"@type":"PropertyValueSpecification","valueRequired":true,"valueName":"search_term_string"}}],"inLanguage":"zh-Hans"},{"@type":"Organization","@id":"https:\/\/pegasuslingo.com\/#organization","name":"Pegasus","url":"https:\/\/pegasuslingo.com\/","logo":{"@type":"ImageObject","inLanguage":"zh-Hans","@id":"https:\/\/pegasuslingo.com\/#\/schema\/logo\/image\/","url":"https:\/\/pegasuslingo.com\/wp-content\/uploads\/2025\/10\/DM_20251009075914_005.webp","contentUrl":"https:\/\/pegasuslingo.com\/wp-content\/uploads\/2025\/10\/DM_20251009075914_005.webp","width":512,"height":512,"caption":"Pegasus"},"image":{"@id":"https:\/\/pegasuslingo.com\/#\/schema\/logo\/image\/"},"sameAs":["https:\/\/www.linkedin.com\/company\/pegasuslingo"]}]}},"_links":{"self":[{"href":"https:\/\/pegasuslingo.com\/index.php?rest_route=\/wp\/v2\/pages\/3537","targetHints":{"allow":["GET"]}}],"collection":[{"href":"https:\/\/pegasuslingo.com\/index.php?rest_route=\/wp\/v2\/pages"}],"about":[{"href":"https:\/\/pegasuslingo.com\/index.php?rest_route=\/wp\/v2\/types\/page"}],"author":[{"embeddable":true,"href":"https:\/\/pegasuslingo.com\/index.php?rest_route=\/wp\/v2\/users\/1"}],"replies":[{"embeddable":true,"href":"https:\/\/pegasuslingo.com\/index.php?rest_route=%2Fwp%2Fv2%2Fcomments&post=3537"}],"version-history":[{"count":4,"href":"https:\/\/pegasuslingo.com\/index.php?rest_route=\/wp\/v2\/pages\/3537\/revisions"}],"predecessor-version":[{"id":3542,"href":"https:\/\/pegasuslingo.com\/index.php?rest_route=\/wp\/v2\/pages\/3537\/revisions\/3542"}],"wp:attachment":[{"href":"https:\/\/pegasuslingo.com\/index.php?rest_route=%2Fwp%2Fv2%2Fmedia&parent=3537"}],"curies":[{"name":"wp","href":"https:\/\/api.w.org\/{rel}","templated":true}]}}