{"id":3507,"date":"2024-10-14T21:50:09","date_gmt":"2024-10-14T21:50:09","guid":{"rendered":"http:\/\/pegasuslingo.com\/?page_id=3507"},"modified":"2025-10-11T11:45:27","modified_gmt":"2025-10-11T11:45:27","slug":"%e5%9b%a2%e9%98%9f-anthony","status":"publish","type":"page","link":"https:\/\/pegasuslingo.com\/?page_id=3507\/","title":{"rendered":"\u56e2\u961f Anthony"},"content":{"rendered":"\t\t<div data-elementor-type=\"wp-page\" data-elementor-id=\"3507\" class=\"elementor elementor-3507\">\n\t\t\t\t<div class=\"elementor-element elementor-element-f4e8278 team-details section-padding fix e-flex e-con-boxed e-con e-parent\" data-id=\"f4e8278\" data-element_type=\"container\">\n\t\t\t\t\t<div class=\"e-con-inner\">\n\t\t<div class=\"elementor-element elementor-element-694098d e-con-full team-details-wrapper e-flex e-con e-child\" data-id=\"694098d\" data-element_type=\"container\">\n\t\t\t\t<div class=\"elementor-element elementor-element-c1817a0 elementor-widget elementor-widget-azent_team_details\" data-id=\"c1817a0\" data-element_type=\"widget\" data-widget_type=\"azent_team_details.default\">\n\t\t\t\t<div class=\"elementor-widget-container\">\n\t\t\t\r\n            <!-- team details Section Start -->\r\n            <div class=\"team-details-image-area\">\r\n                <div class=\"row g-4\">\r\n                    <div class=\"col-lg-2\">\r\n                        <h2 class=\"text\"> \u8bd1\u60f3\u5bb6<\/h2>\r\n                    <\/div>\r\n                    <div class=\"col-lg-4\">\r\n                        <div class=\"details-iamge bg-cover\" style=\"background-image: url(https:\/\/pegasuslingo.com\/wp-content\/uploads\/2025\/10\/DM_20251009075914_028.webp);\"><\/div>\r\n                    <\/div>\r\n                    <div class=\"col-lg-1\"><\/div>\r\n                    <div class=\"col-lg-4\">\r\n                        <div class=\"right-content\">\r\n                            <h2>Anthony<\/h2>\r\n                            <p>\u7f8e\u56fd\u5ba1\u6821<\/p>\r\n                            <div class=\"list\">\r\n                                                                    <h5 class=\"mb-3\">\u82f1\u8bed\uff1a<span>American Proofreader<\/span>\n<\/h5>\r\n                                                                    <h5 class=\"mb-3\">\u897f\u8bed\uff1a<span>Corrector Americano<\/span>\n<\/h5>\r\n                                                            <\/div>\r\n                                                            <div class=\"social-icon d-flex align-items-center\">\r\n                                                                            <a href=\"https:\/\/www.facebook.com\" class=\"color-1\">                                                                                                                                        <i class=\"fab fa-facebook-f\"><\/i>\r\n                                            <\/a>\r\n                                                                            <a href=\"https:\/\/www.twitter.com\" class=\"color-2\">                                                                                                                                        <i class=\"fab fa-twitter\"><\/i>\r\n                                            <\/a>\r\n                                                                            <a href=\"https:\/\/www.youtube.com\" class=\"color-3\">                                                                                                                                        <i class=\"fab fa-youtube\"><\/i>\r\n                                            <\/a>\r\n                                                                            <a href=\"https:\/\/www.linkedin.com\" class=\"color-4\">                                                                                                                                        <i class=\"fab fa-linkedin-in\"><\/i>\r\n                                            <\/a>\r\n                                                                    <\/div>\r\n                                                    <\/div>\r\n                    <\/div>\r\n                <\/div>\r\n            <\/div>\r\n            <!-- team details  End  -->\r\n\t\t<\/div>\n\t\t\t\t<\/div>\n\t\t<div class=\"elementor-element elementor-element-1ad98b2 e-con-full team-details-content section-padding pb-0 e-flex e-con e-child\" data-id=\"1ad98b2\" data-element_type=\"container\">\n\t\t\t\t<div class=\"elementor-element elementor-element-059efc5 elementor-widget elementor-widget-heading\" data-id=\"059efc5\" data-element_type=\"widget\" data-widget_type=\"heading.default\">\n\t\t\t\t<div class=\"elementor-widget-container\">\n\t\t\t<h2 class=\"elementor-heading-title elementor-size-default\">\u4e2d\u6587\u4ecb\u7ecd:<\/h2>\t\t<\/div>\n\t\t\t\t<\/div>\n\t\t\t\t<div class=\"elementor-element elementor-element-c386706 elementor-widget elementor-widget-text-editor\" data-id=\"c386706\" data-element_type=\"widget\" data-widget_type=\"text-editor.default\">\n\t\t\t\t<div class=\"elementor-widget-container\">\n\t\t\t\t\t\t\t<p>\u4ed6\u4ece\u5c0f\u5728\u7f8e\u56fd\u957f\u5927\uff0c\u6bd5\u4e1a\u4e8e\u8499\u7279\u96f7\u56fd\u9645\u7814\u7a76\u5b66\u9662\uff0c\u6587\u5b57\u529f\u5e95\u6df1\u539a\uff0c\u64c5\u957f\u6587\u672c\u5ba1\u6821\u3002\u4ed6\u5c06\u5bf9\u54f2\u5b66\u548c\u5fc3\u7406\u5b66\u7684\u7814\u7a76\u878d\u5165\u5de5\u4f5c\uff0c\u786e\u4fdd\u6bcf\u4e2a\u9879\u76ee\u8fbe\u5230\u6700\u9ad8\u6807\u51c6\uff0c\u5e76\u901a\u8fc7\u5e7f\u6cdb\u7684\u8bed\u8a00\u79ef\u7d2f\u63d0\u5347\u7ffb\u8bd1\u8d28\u91cf\u3002<\/p>\t\t\t\t\t\t<\/div>\n\t\t\t\t<\/div>\n\t\t\t\t<div class=\"elementor-element elementor-element-78f6c77 elementor-widget elementor-widget-azent_team_skill\" data-id=\"78f6c77\" data-element_type=\"widget\" data-widget_type=\"azent_team_skill.default\">\n\t\t\t\t<div class=\"elementor-widget-container\">\n\t\t\t\r\n            <!-- Team Skill Section Start -->\r\n            <div class=\"details-information-area\">\r\n                <div class=\"row g-4 justify-content-between\">\r\n                    <div class=\"col-lg-5\">\r\n                        <div class=\"progress-wrap\">\r\n                                                            <div class=\"pro-items\">\r\n                                    <div class=\"pro-head\">\r\n                                        <h6 class=\"title\">\r\n                                            \u6587\u5b57\u529f\u5e95\u6df1\u539a\uff0c\u64c5\u957f\u6587\u672c\u5ba1\u6821                                        <\/h6>\r\n                                        <span class=\"point\">\r\n                                            \u7cbe\u901a                                        <\/span>\r\n                                    <\/div>\r\n                                    <div class=\"progress\">\r\n                                        <div class=\"progress-value\"><\/div>\r\n                                    <\/div>\r\n                                <\/div>\r\n                                                            <div class=\"pro-items\">\r\n                                    <div class=\"pro-head\">\r\n                                        <h6 class=\"title\">\r\n                                            \u5c06\u5bf9\u54f2\u5b66\u548c\u5fc3\u7406\u5b66\u7684\u7814\u7a76\u878d\u5165\u5de5\u4f5c                                        <\/h6>\r\n                                        <span class=\"point\">\r\n                                            \u4e13\u4e1a                                        <\/span>\r\n                                    <\/div>\r\n                                    <div class=\"progress\">\r\n                                        <div class=\"progress-value\"><\/div>\r\n                                    <\/div>\r\n                                <\/div>\r\n                                                    <\/div>\r\n                    <\/div>\r\n                    <div class=\"col-lg-6\">\r\n                        <div class=\"information-content-items\">\r\n                                                            <div class=\"content-box-area\">\r\n                                    <div class=\"content mb-4\">\r\n                                        <h3>\u8499\u7279\u96f7\u56fd\u9645\u7814\u7a76\u5b66\u9662<\/h3>\r\n                                        <p><\/p>\r\n                                    <\/div>\r\n                                    <div class=\"content\">\r\n                                        <h3><\/h3>\r\n                                        <p><\/p>\r\n                                    <\/div>\r\n                                <\/div>\r\n                                                    <\/div>\r\n                    <\/div>\r\n                <\/div>\r\n            <\/div>\r\n            <!-- End  Team Details Style One -->\r\n\r\n\r\n\t\t<\/div>\n\t\t\t\t<\/div>\n\t\t\t\t<div class=\"elementor-element elementor-element-f86d19c elementor-widget elementor-widget-spacer\" data-id=\"f86d19c\" data-element_type=\"widget\" data-widget_type=\"spacer.default\">\n\t\t\t\t<div class=\"elementor-widget-container\">\n\t\t\t\t\t<div class=\"elementor-spacer\">\n\t\t\t<div class=\"elementor-spacer-inner\"><\/div>\n\t\t<\/div>\n\t\t\t\t<\/div>\n\t\t\t\t<\/div>\n\t\t\t\t<div class=\"elementor-element elementor-element-22fb311 elementor-widget elementor-widget-heading\" data-id=\"22fb311\" data-element_type=\"widget\" data-widget_type=\"heading.default\">\n\t\t\t\t<div class=\"elementor-widget-container\">\n\t\t\t<h2 class=\"elementor-heading-title elementor-size-default\">\u82f1\u8bed\u7b80\u4ecb\uff1a<\/h2>\t\t<\/div>\n\t\t\t\t<\/div>\n\t\t\t\t<div class=\"elementor-element elementor-element-7ba9031 elementor-widget elementor-widget-text-editor\" data-id=\"7ba9031\" data-element_type=\"widget\" data-widget_type=\"text-editor.default\">\n\t\t\t\t<div class=\"elementor-widget-container\">\n\t\t\t\t\t\t\t<p>\u00a0<\/p><p>He grew up in the U.S. and graduated from the Middlebury Institute of International Studies. He has a strong command of the written word, and excels in text proofreading. He integrates his study of philosophy and psychology into his proofreading work, ensuring each project meets the highest standards while enhancing translation quality through his extensive language background.<\/p>\t\t\t\t\t\t<\/div>\n\t\t\t\t<\/div>\n\t\t\t\t<div class=\"elementor-element elementor-element-598ead2 elementor-widget elementor-widget-spacer\" data-id=\"598ead2\" data-element_type=\"widget\" data-widget_type=\"spacer.default\">\n\t\t\t\t<div class=\"elementor-widget-container\">\n\t\t\t\t\t<div class=\"elementor-spacer\">\n\t\t\t<div class=\"elementor-spacer-inner\"><\/div>\n\t\t<\/div>\n\t\t\t\t<\/div>\n\t\t\t\t<\/div>\n\t\t\t\t<\/div>\n\t\t\t\t<\/div>\n\t\t\t\t<div class=\"elementor-element elementor-element-6fab4d9 elementor-widget elementor-widget-heading\" data-id=\"6fab4d9\" data-element_type=\"widget\" data-widget_type=\"heading.default\">\n\t\t\t\t<div class=\"elementor-widget-container\">\n\t\t\t<h2 class=\"elementor-heading-title elementor-size-default\">\u897f\u8bed\u7b80\u4ecb\uff1a<\/h2>\t\t<\/div>\n\t\t\t\t<\/div>\n\t\t\t\t<div class=\"elementor-element elementor-element-7478f7e elementor-widget elementor-widget-spacer\" data-id=\"7478f7e\" data-element_type=\"widget\" data-widget_type=\"spacer.default\">\n\t\t\t\t<div class=\"elementor-widget-container\">\n\t\t\t\t\t<div class=\"elementor-spacer\">\n\t\t\t<div class=\"elementor-spacer-inner\"><\/div>\n\t\t<\/div>\n\t\t\t\t<\/div>\n\t\t\t\t<\/div>\n\t\t\t\t<div class=\"elementor-element elementor-element-f985264 elementor-widget elementor-widget-text-editor\" data-id=\"f985264\" data-element_type=\"widget\" data-widget_type=\"text-editor.default\">\n\t\t\t\t<div class=\"elementor-widget-container\">\n\t\t\t\t\t\t\t<p>Creci\u00f3 en los Estados Unidos y se gradu\u00f3 del Instituto de Estudios Internacionales de Middlebury. Tiene un dominio s\u00f3lido de la palabra escrita y sobresale en la correcci\u00f3n de textos. Integra su estudio de la filosof\u00eda y la psicolog\u00eda en su trabajo de revisi\u00f3n, asegurando que cada proyecto cumpla con los m\u00e1s altos est\u00e1ndares, mientras mejora la calidad de las traducciones gracias a su extenso trasfondo ling\u00fc\u00edstico.<\/p>\t\t\t\t\t\t<\/div>\n\t\t\t\t<\/div>\n\t\t\t\t\t<\/div>\n\t\t\t\t<\/div>\n\t\t\t\t<\/div>\n\t\t","protected":false},"excerpt":{"rendered":"<p>\u8bd1\u60f3\u5bb6 Anthony \u7f8e\u56fd\u5ba1\u6821 \u82f1\u8bed\uff1aAmerican Proofreader \u897f\u8bed\uff1aCorrector A&#8230;<\/p>\n","protected":false},"author":1,"featured_media":0,"parent":0,"menu_order":0,"comment_status":"closed","ping_status":"closed","template":"","meta":{"footnotes":""},"class_list":["post-3507","page","type-page","status-publish","hentry"],"yoast_head":"<!-- This site is optimized with the Yoast SEO plugin v26.1.1 - https:\/\/yoast.com\/wordpress\/plugins\/seo\/ -->\n<title>\u56e2\u961f Anthony - Pegasus \u4e0a\u6d77\u8bd1\u60f3\u5bb6\u7ffb\u8bd1\u6709\u9650\u516c\u53f8<\/title>\n<meta name=\"description\" content=\"\u4e0a\u6d77\u8bd1\u60f3\u5bb6\u7ffb\u8bd1\u6709\u9650\u516c\u53f8\" \/>\n<meta name=\"robots\" content=\"index, follow, max-snippet:-1, max-image-preview:large, max-video-preview:-1\" \/>\n<link rel=\"canonical\" href=\"https:\/\/pegasuslingo.com\/?page_id=3507\/\" \/>\n<meta property=\"og:locale\" content=\"zh_CN\" \/>\n<meta property=\"og:type\" content=\"article\" \/>\n<meta property=\"og:title\" content=\"\u56e2\u961f Anthony - Pegasus \u4e0a\u6d77\u8bd1\u60f3\u5bb6\u7ffb\u8bd1\u6709\u9650\u516c\u53f8\" \/>\n<meta property=\"og:description\" content=\"\u4e0a\u6d77\u8bd1\u60f3\u5bb6\u7ffb\u8bd1\u6709\u9650\u516c\u53f8\" \/>\n<meta property=\"og:url\" content=\"https:\/\/pegasuslingo.com\/?page_id=3507\/\" \/>\n<meta property=\"og:site_name\" content=\"Pegasus\" \/>\n<meta property=\"article:modified_time\" content=\"2025-10-11T11:45:27+00:00\" \/>\n<meta name=\"twitter:card\" content=\"summary_large_image\" \/>\n<meta name=\"twitter:label1\" content=\"\u9884\u8ba1\u9605\u8bfb\u65f6\u95f4\" \/>\n\t<meta name=\"twitter:data1\" content=\"1 \u5206\" \/>\n<script type=\"application\/ld+json\" class=\"yoast-schema-graph\">{\"@context\":\"https:\/\/schema.org\",\"@graph\":[{\"@type\":\"WebPage\",\"@id\":\"https:\/\/pegasuslingo.com\/?page_id=3507\/\",\"url\":\"https:\/\/pegasuslingo.com\/?page_id=3507\/\",\"name\":\"\u56e2\u961f Anthony - Pegasus \u4e0a\u6d77\u8bd1\u60f3\u5bb6\u7ffb\u8bd1\u6709\u9650\u516c\u53f8\",\"isPartOf\":{\"@id\":\"https:\/\/pegasuslingo.com\/#website\"},\"datePublished\":\"2024-10-14T21:50:09+00:00\",\"dateModified\":\"2025-10-11T11:45:27+00:00\",\"description\":\"\u4e0a\u6d77\u8bd1\u60f3\u5bb6\u7ffb\u8bd1\u6709\u9650\u516c\u53f8\",\"breadcrumb\":{\"@id\":\"https:\/\/pegasuslingo.com\/?page_id=3507\/#breadcrumb\"},\"inLanguage\":\"zh-Hans\",\"potentialAction\":[{\"@type\":\"ReadAction\",\"target\":[\"https:\/\/pegasuslingo.com\/?page_id=3507\/\"]}]},{\"@type\":\"BreadcrumbList\",\"@id\":\"https:\/\/pegasuslingo.com\/?page_id=3507\/#breadcrumb\",\"itemListElement\":[{\"@type\":\"ListItem\",\"position\":1,\"name\":\"\u9996\u9875\",\"item\":\"https:\/\/pegasuslingo.com\/\"},{\"@type\":\"ListItem\",\"position\":2,\"name\":\"\u56e2\u961f Anthony\"}]},{\"@type\":\"WebSite\",\"@id\":\"https:\/\/pegasuslingo.com\/#website\",\"url\":\"https:\/\/pegasuslingo.com\/\",\"name\":\"Pegasus\",\"description\":\"Soaring Beyond Borders\",\"publisher\":{\"@id\":\"https:\/\/pegasuslingo.com\/#organization\"},\"potentialAction\":[{\"@type\":\"SearchAction\",\"target\":{\"@type\":\"EntryPoint\",\"urlTemplate\":\"https:\/\/pegasuslingo.com\/?s={search_term_string}\"},\"query-input\":{\"@type\":\"PropertyValueSpecification\",\"valueRequired\":true,\"valueName\":\"search_term_string\"}}],\"inLanguage\":\"zh-Hans\"},{\"@type\":\"Organization\",\"@id\":\"https:\/\/pegasuslingo.com\/#organization\",\"name\":\"Pegasus\",\"url\":\"https:\/\/pegasuslingo.com\/\",\"logo\":{\"@type\":\"ImageObject\",\"inLanguage\":\"zh-Hans\",\"@id\":\"https:\/\/pegasuslingo.com\/#\/schema\/logo\/image\/\",\"url\":\"https:\/\/pegasuslingo.com\/wp-content\/uploads\/2025\/10\/DM_20251009075914_005.webp\",\"contentUrl\":\"https:\/\/pegasuslingo.com\/wp-content\/uploads\/2025\/10\/DM_20251009075914_005.webp\",\"width\":512,\"height\":512,\"caption\":\"Pegasus\"},\"image\":{\"@id\":\"https:\/\/pegasuslingo.com\/#\/schema\/logo\/image\/\"},\"sameAs\":[\"https:\/\/www.linkedin.com\/company\/pegasuslingo\"]}]}<\/script>\n<!-- \/ Yoast SEO plugin. -->","yoast_head_json":{"title":"\u56e2\u961f Anthony - Pegasus \u4e0a\u6d77\u8bd1\u60f3\u5bb6\u7ffb\u8bd1\u6709\u9650\u516c\u53f8","description":"\u4e0a\u6d77\u8bd1\u60f3\u5bb6\u7ffb\u8bd1\u6709\u9650\u516c\u53f8","robots":{"index":"index","follow":"follow","max-snippet":"max-snippet:-1","max-image-preview":"max-image-preview:large","max-video-preview":"max-video-preview:-1"},"canonical":"https:\/\/pegasuslingo.com\/?page_id=3507\/","og_locale":"zh_CN","og_type":"article","og_title":"\u56e2\u961f Anthony - Pegasus \u4e0a\u6d77\u8bd1\u60f3\u5bb6\u7ffb\u8bd1\u6709\u9650\u516c\u53f8","og_description":"\u4e0a\u6d77\u8bd1\u60f3\u5bb6\u7ffb\u8bd1\u6709\u9650\u516c\u53f8","og_url":"https:\/\/pegasuslingo.com\/?page_id=3507\/","og_site_name":"Pegasus","article_modified_time":"2025-10-11T11:45:27+00:00","twitter_card":"summary_large_image","twitter_misc":{"\u9884\u8ba1\u9605\u8bfb\u65f6\u95f4":"1 \u5206"},"schema":{"@context":"https:\/\/schema.org","@graph":[{"@type":"WebPage","@id":"https:\/\/pegasuslingo.com\/?page_id=3507\/","url":"https:\/\/pegasuslingo.com\/?page_id=3507\/","name":"\u56e2\u961f Anthony - Pegasus \u4e0a\u6d77\u8bd1\u60f3\u5bb6\u7ffb\u8bd1\u6709\u9650\u516c\u53f8","isPartOf":{"@id":"https:\/\/pegasuslingo.com\/#website"},"datePublished":"2024-10-14T21:50:09+00:00","dateModified":"2025-10-11T11:45:27+00:00","description":"\u4e0a\u6d77\u8bd1\u60f3\u5bb6\u7ffb\u8bd1\u6709\u9650\u516c\u53f8","breadcrumb":{"@id":"https:\/\/pegasuslingo.com\/?page_id=3507\/#breadcrumb"},"inLanguage":"zh-Hans","potentialAction":[{"@type":"ReadAction","target":["https:\/\/pegasuslingo.com\/?page_id=3507\/"]}]},{"@type":"BreadcrumbList","@id":"https:\/\/pegasuslingo.com\/?page_id=3507\/#breadcrumb","itemListElement":[{"@type":"ListItem","position":1,"name":"\u9996\u9875","item":"https:\/\/pegasuslingo.com\/"},{"@type":"ListItem","position":2,"name":"\u56e2\u961f Anthony"}]},{"@type":"WebSite","@id":"https:\/\/pegasuslingo.com\/#website","url":"https:\/\/pegasuslingo.com\/","name":"Pegasus","description":"Soaring Beyond Borders","publisher":{"@id":"https:\/\/pegasuslingo.com\/#organization"},"potentialAction":[{"@type":"SearchAction","target":{"@type":"EntryPoint","urlTemplate":"https:\/\/pegasuslingo.com\/?s={search_term_string}"},"query-input":{"@type":"PropertyValueSpecification","valueRequired":true,"valueName":"search_term_string"}}],"inLanguage":"zh-Hans"},{"@type":"Organization","@id":"https:\/\/pegasuslingo.com\/#organization","name":"Pegasus","url":"https:\/\/pegasuslingo.com\/","logo":{"@type":"ImageObject","inLanguage":"zh-Hans","@id":"https:\/\/pegasuslingo.com\/#\/schema\/logo\/image\/","url":"https:\/\/pegasuslingo.com\/wp-content\/uploads\/2025\/10\/DM_20251009075914_005.webp","contentUrl":"https:\/\/pegasuslingo.com\/wp-content\/uploads\/2025\/10\/DM_20251009075914_005.webp","width":512,"height":512,"caption":"Pegasus"},"image":{"@id":"https:\/\/pegasuslingo.com\/#\/schema\/logo\/image\/"},"sameAs":["https:\/\/www.linkedin.com\/company\/pegasuslingo"]}]}},"_links":{"self":[{"href":"https:\/\/pegasuslingo.com\/index.php?rest_route=\/wp\/v2\/pages\/3507","targetHints":{"allow":["GET"]}}],"collection":[{"href":"https:\/\/pegasuslingo.com\/index.php?rest_route=\/wp\/v2\/pages"}],"about":[{"href":"https:\/\/pegasuslingo.com\/index.php?rest_route=\/wp\/v2\/types\/page"}],"author":[{"embeddable":true,"href":"https:\/\/pegasuslingo.com\/index.php?rest_route=\/wp\/v2\/users\/1"}],"replies":[{"embeddable":true,"href":"https:\/\/pegasuslingo.com\/index.php?rest_route=%2Fwp%2Fv2%2Fcomments&post=3507"}],"version-history":[{"count":7,"href":"https:\/\/pegasuslingo.com\/index.php?rest_route=\/wp\/v2\/pages\/3507\/revisions"}],"predecessor-version":[{"id":6079,"href":"https:\/\/pegasuslingo.com\/index.php?rest_route=\/wp\/v2\/pages\/3507\/revisions\/6079"}],"wp:attachment":[{"href":"https:\/\/pegasuslingo.com\/index.php?rest_route=%2Fwp%2Fv2%2Fmedia&parent=3507"}],"curies":[{"name":"wp","href":"https:\/\/api.w.org\/{rel}","templated":true}]}}