{"id":3501,"date":"2024-10-14T21:45:14","date_gmt":"2024-10-14T21:45:14","guid":{"rendered":"http:\/\/pegasuslingo.com\/?page_id=3501"},"modified":"2024-10-14T21:49:19","modified_gmt":"2024-10-14T21:49:19","slug":"%e5%9b%a2%e9%98%9f-adam","status":"publish","type":"page","link":"https:\/\/pegasuslingo.com\/?page_id=3501\/","title":{"rendered":"\u56e2\u961f Adam"},"content":{"rendered":"\t\t<div data-elementor-type=\"wp-page\" data-elementor-id=\"3501\" class=\"elementor elementor-3501\">\n\t\t\t\t<div class=\"elementor-element elementor-element-f4e8278 team-details section-padding fix e-flex e-con-boxed e-con e-parent\" data-id=\"f4e8278\" data-element_type=\"container\">\n\t\t\t\t\t<div class=\"e-con-inner\">\n\t\t<div class=\"elementor-element elementor-element-694098d e-con-full team-details-wrapper e-flex e-con e-child\" data-id=\"694098d\" data-element_type=\"container\">\n\t\t\t\t<div class=\"elementor-element elementor-element-c1817a0 elementor-widget elementor-widget-azent_team_details\" data-id=\"c1817a0\" data-element_type=\"widget\" data-widget_type=\"azent_team_details.default\">\n\t\t\t\t<div class=\"elementor-widget-container\">\n\t\t\t\r\n            <!-- team details Section Start -->\r\n            <div class=\"team-details-image-area\">\r\n                <div class=\"row g-4\">\r\n                    <div class=\"col-lg-2\">\r\n                        <h2 class=\"text\"> \u8bd1\u60f3\u5bb6<\/h2>\r\n                    <\/div>\r\n                    <div class=\"col-lg-4\">\r\n                        <div class=\"details-iamge bg-cover\" style=\"background-image: url(https:\/\/pegasuslingo.com\/wp-content\/uploads\/2024\/10\/Adam\u82f1\u56fd\u8bd1\u5458.png);\"><\/div>\r\n                    <\/div>\r\n                    <div class=\"col-lg-1\"><\/div>\r\n                    <div class=\"col-lg-4\">\r\n                        <div class=\"right-content\">\r\n                            <h2>Adam<\/h2>\r\n                            <p>\u82f1\u56fd\u5ba1\u6821<\/p>\r\n                            <div class=\"list\">\r\n                                                                    <h5 class=\"mb-3\">\u82f1\u8bed\uff1a<span>British Proofreader<\/span>\n<\/h5>\r\n                                                                    <h5 class=\"mb-3\">\u897f\u8bed\uff1a<span>Corrector brit\u00e1nico<\/span>\n<\/h5>\r\n                                                            <\/div>\r\n                                                            <div class=\"social-icon d-flex align-items-center\">\r\n                                                                            <a href=\"https:\/\/www.facebook.com\" class=\"color-1\">                                                                                                                                        <i class=\"fab fa-facebook-f\"><\/i>\r\n                                            <\/a>\r\n                                                                            <a href=\"https:\/\/www.twitter.com\" class=\"color-2\">                                                                                                                                        <i class=\"fab fa-twitter\"><\/i>\r\n                                            <\/a>\r\n                                                                            <a href=\"https:\/\/www.youtube.com\" class=\"color-3\">                                                                                                                                        <i class=\"fab fa-youtube\"><\/i>\r\n                                            <\/a>\r\n                                                                            <a href=\"https:\/\/www.linkedin.com\" class=\"color-4\">                                                                                                                                        <i class=\"fab fa-linkedin-in\"><\/i>\r\n                                            <\/a>\r\n                                                                    <\/div>\r\n                                                    <\/div>\r\n                    <\/div>\r\n                <\/div>\r\n            <\/div>\r\n            <!-- team details  End  -->\r\n\t\t<\/div>\n\t\t\t\t<\/div>\n\t\t<div class=\"elementor-element elementor-element-1ad98b2 e-con-full team-details-content section-padding pb-0 e-flex e-con e-child\" data-id=\"1ad98b2\" data-element_type=\"container\">\n\t\t\t\t<div class=\"elementor-element elementor-element-059efc5 elementor-widget elementor-widget-heading\" data-id=\"059efc5\" data-element_type=\"widget\" data-widget_type=\"heading.default\">\n\t\t\t\t<div class=\"elementor-widget-container\">\n\t\t\t<h2 class=\"elementor-heading-title elementor-size-default\">\u4e2d\u6587\u4ecb\u7ecd:<\/h2>\t\t<\/div>\n\t\t\t\t<\/div>\n\t\t\t\t<div class=\"elementor-element elementor-element-c386706 elementor-widget elementor-widget-text-editor\" data-id=\"c386706\" data-element_type=\"widget\" data-widget_type=\"text-editor.default\">\n\t\t\t\t<div class=\"elementor-widget-container\">\n\t\t\t\t\t\t\t<p>\u00a0<\/p><p>\u4ed6\u6765\u81ea\u82f1\u56fd\u7ebd\u5361\u65af\u5c14\uff0c\u662f\u4e00\u4f4d\u79ef\u6781\u5411\u4e0a\u4e14\u6709\u62b1\u8d1f\u7684\u5e74\u8f7b\u4eba\uff0c\u5e0c\u671b\u8d70\u51fa\u81ea\u5df1\u7684\u8212\u9002\u5708\uff0c\u8fce\u63a5\u4e16\u754c\u5bf9\u4ed6\u7684\u6311\u6218\u3002\u4e13\u6ce8\u4e8e\u63d0\u4f9b\u7cbe\u51c6\u3001\u5730\u9053\u7684\u5ba1\u6821\u670d\u52a1\u3002\u51ed\u501f\u6df1\u539a\u7684\u82f1\u5f0f\u82f1\u8bed\u529f\u5e95\u548c\u5bf9\u6587\u5316\u5dee\u5f02\u7684\u654f\u9510\u7406\u89e3\uff0c\u786e\u4fdd\u8bd1\u6587\u51c6\u786e\u3001\u6d41\u7545\u5730\u4f20\u8fbe\u539f\u610f\uff0c\u5e0c\u671b\u53ef\u4ee5\u5e2e\u52a9\u4e2d\u56fd\u601d\u60f3\u8d70\u5411\u4e16\u754c\u3002<\/p>\t\t\t\t\t\t<\/div>\n\t\t\t\t<\/div>\n\t\t\t\t<div class=\"elementor-element elementor-element-78f6c77 elementor-widget elementor-widget-azent_team_skill\" data-id=\"78f6c77\" data-element_type=\"widget\" data-widget_type=\"azent_team_skill.default\">\n\t\t\t\t<div class=\"elementor-widget-container\">\n\t\t\t\r\n            <!-- Team Skill Section Start -->\r\n            <div class=\"details-information-area\">\r\n                <div class=\"row g-4 justify-content-between\">\r\n                    <div class=\"col-lg-5\">\r\n                        <div class=\"progress-wrap\">\r\n                                                            <div class=\"pro-items\">\r\n                                    <div class=\"pro-head\">\r\n                                        <h6 class=\"title\">\r\n                                            \u4e13\u6ce8\u4e8e\u63d0\u4f9b\u7cbe\u51c6\u3001\u5730\u9053\u7684\u5ba1\u6821\u670d\u52a1                                        <\/h6>\r\n                                        <span class=\"point\">\r\n                                            \u7cbe\u901a                                        <\/span>\r\n                                    <\/div>\r\n                                    <div class=\"progress\">\r\n                                        <div class=\"progress-value\"><\/div>\r\n                                    <\/div>\r\n                                <\/div>\r\n                                                            <div class=\"pro-items\">\r\n                                    <div class=\"pro-head\">\r\n                                        <h6 class=\"title\">\r\n                                            \u6df1\u539a\u7684\u82f1\u5f0f\u82f1\u8bed\u529f\u5e95\u548c\u5bf9\u6587\u5316\u5dee\u5f02\u6709\u654f\u9510\u7406\u89e3                                        <\/h6>\r\n                                        <span class=\"point\">\r\n                                            \u4e13\u4e1a                                        <\/span>\r\n                                    <\/div>\r\n                                    <div class=\"progress\">\r\n                                        <div class=\"progress-value\"><\/div>\r\n                                    <\/div>\r\n                                <\/div>\r\n                                                    <\/div>\r\n                    <\/div>\r\n                    <div class=\"col-lg-6\">\r\n                        <div class=\"information-content-items\">\r\n                                                            <div class=\"content-box-area\">\r\n                                    <div class=\"content mb-4\">\r\n                                        <h3>\u82f1\u56fd\u7ebd\u5361\u65af\u5c14<\/h3>\r\n                                        <p><\/p>\r\n                                    <\/div>\r\n                                    <div class=\"content\">\r\n                                        <h3><\/h3>\r\n                                        <p><\/p>\r\n                                    <\/div>\r\n                                <\/div>\r\n                                                    <\/div>\r\n                    <\/div>\r\n                <\/div>\r\n            <\/div>\r\n            <!-- End  Team Details Style One -->\r\n\r\n\r\n\t\t<\/div>\n\t\t\t\t<\/div>\n\t\t\t\t<div class=\"elementor-element elementor-element-f86d19c elementor-widget elementor-widget-spacer\" data-id=\"f86d19c\" data-element_type=\"widget\" data-widget_type=\"spacer.default\">\n\t\t\t\t<div class=\"elementor-widget-container\">\n\t\t\t\t\t<div class=\"elementor-spacer\">\n\t\t\t<div class=\"elementor-spacer-inner\"><\/div>\n\t\t<\/div>\n\t\t\t\t<\/div>\n\t\t\t\t<\/div>\n\t\t\t\t<div class=\"elementor-element elementor-element-22fb311 elementor-widget elementor-widget-heading\" data-id=\"22fb311\" data-element_type=\"widget\" data-widget_type=\"heading.default\">\n\t\t\t\t<div class=\"elementor-widget-container\">\n\t\t\t<h2 class=\"elementor-heading-title elementor-size-default\">\u82f1\u8bed\u7b80\u4ecb\uff1a<\/h2>\t\t<\/div>\n\t\t\t\t<\/div>\n\t\t\t\t<div class=\"elementor-element elementor-element-7ba9031 elementor-widget elementor-widget-text-editor\" data-id=\"7ba9031\" data-element_type=\"widget\" data-widget_type=\"text-editor.default\">\n\t\t\t\t<div class=\"elementor-widget-container\">\n\t\t\t\t\t\t\t<p>\u00a0<\/p><p>He is a thriving young British man from Newcastle, eager to step outside his comfort zone and embrace the challenges the world offers. With a strong foundation in British English and a keen understanding of cultural differences, he is dedicated to delivering precise and authentic proofreading services. His aspiration is to ensure translations accurately and fluently convey the original message, while helping bring national ideas to the global stage.<\/p>\t\t\t\t\t\t<\/div>\n\t\t\t\t<\/div>\n\t\t\t\t<div class=\"elementor-element elementor-element-598ead2 elementor-widget elementor-widget-spacer\" data-id=\"598ead2\" data-element_type=\"widget\" data-widget_type=\"spacer.default\">\n\t\t\t\t<div class=\"elementor-widget-container\">\n\t\t\t\t\t<div class=\"elementor-spacer\">\n\t\t\t<div class=\"elementor-spacer-inner\"><\/div>\n\t\t<\/div>\n\t\t\t\t<\/div>\n\t\t\t\t<\/div>\n\t\t\t\t<\/div>\n\t\t\t\t<\/div>\n\t\t\t\t<div class=\"elementor-element elementor-element-6fab4d9 elementor-widget elementor-widget-heading\" data-id=\"6fab4d9\" data-element_type=\"widget\" data-widget_type=\"heading.default\">\n\t\t\t\t<div class=\"elementor-widget-container\">\n\t\t\t<h2 class=\"elementor-heading-title elementor-size-default\">\u897f\u8bed\u7b80\u4ecb\uff1a<\/h2>\t\t<\/div>\n\t\t\t\t<\/div>\n\t\t\t\t<div class=\"elementor-element elementor-element-7478f7e elementor-widget elementor-widget-spacer\" data-id=\"7478f7e\" data-element_type=\"widget\" data-widget_type=\"spacer.default\">\n\t\t\t\t<div class=\"elementor-widget-container\">\n\t\t\t\t\t<div class=\"elementor-spacer\">\n\t\t\t<div class=\"elementor-spacer-inner\"><\/div>\n\t\t<\/div>\n\t\t\t\t<\/div>\n\t\t\t\t<\/div>\n\t\t\t\t<div class=\"elementor-element elementor-element-f985264 elementor-widget elementor-widget-text-editor\" data-id=\"f985264\" data-element_type=\"widget\" data-widget_type=\"text-editor.default\">\n\t\t\t\t<div class=\"elementor-widget-container\">\n\t\t\t\t\t\t\t<p>Es un joven brit\u00e1nico de Newcastle, lleno de aspiraciones y con el deseo de salir de su zona de confort para enfrentar los desaf\u00edos que el mundo le presenta. Con una s\u00f3lida base en el ingl\u00e9s brit\u00e1nico y una aguda comprensi\u00f3n de las diferencias culturales, se especializa en ofrecer servicios de revisi\u00f3n precisos y aut\u00e9nticos. Su objetivo es garantizar que las traducciones transmitan el mensaje original de manera fluida y precisa, contribuyendo a que las ideas nacionales lleguen a un p\u00fablico global.<\/p>\t\t\t\t\t\t<\/div>\n\t\t\t\t<\/div>\n\t\t\t\t\t<\/div>\n\t\t\t\t<\/div>\n\t\t\t\t<\/div>\n\t\t","protected":false},"excerpt":{"rendered":"<p>\u8bd1\u60f3\u5bb6 Adam \u82f1\u56fd\u5ba1\u6821 \u82f1\u8bed\uff1aBritish Proofreader \u897f\u8bed\uff1aCorrector brit\u00e1&#8230;<\/p>\n","protected":false},"author":1,"featured_media":0,"parent":0,"menu_order":0,"comment_status":"closed","ping_status":"closed","template":"","meta":{"footnotes":""},"class_list":["post-3501","page","type-page","status-publish","hentry"],"yoast_head":"<!-- This site is optimized with the Yoast SEO plugin v26.1.1 - https:\/\/yoast.com\/wordpress\/plugins\/seo\/ -->\n<title>\u56e2\u961f Adam - Pegasus \u4e0a\u6d77\u8bd1\u60f3\u5bb6\u7ffb\u8bd1\u6709\u9650\u516c\u53f8<\/title>\n<meta name=\"description\" content=\"\u4e0a\u6d77\u8bd1\u60f3\u5bb6\u7ffb\u8bd1\u6709\u9650\u516c\u53f8\" \/>\n<meta name=\"robots\" content=\"index, follow, max-snippet:-1, max-image-preview:large, max-video-preview:-1\" \/>\n<link rel=\"canonical\" href=\"https:\/\/pegasuslingo.com\/?page_id=3501\/\" \/>\n<meta property=\"og:locale\" content=\"zh_CN\" \/>\n<meta property=\"og:type\" content=\"article\" \/>\n<meta property=\"og:title\" content=\"\u56e2\u961f Adam - Pegasus \u4e0a\u6d77\u8bd1\u60f3\u5bb6\u7ffb\u8bd1\u6709\u9650\u516c\u53f8\" \/>\n<meta property=\"og:description\" content=\"\u4e0a\u6d77\u8bd1\u60f3\u5bb6\u7ffb\u8bd1\u6709\u9650\u516c\u53f8\" \/>\n<meta property=\"og:url\" content=\"https:\/\/pegasuslingo.com\/?page_id=3501\/\" \/>\n<meta property=\"og:site_name\" content=\"Pegasus\" \/>\n<meta property=\"article:modified_time\" content=\"2024-10-14T21:49:19+00:00\" \/>\n<meta name=\"twitter:card\" content=\"summary_large_image\" \/>\n<meta name=\"twitter:label1\" content=\"\u9884\u8ba1\u9605\u8bfb\u65f6\u95f4\" \/>\n\t<meta name=\"twitter:data1\" content=\"1 \u5206\" \/>\n<script type=\"application\/ld+json\" class=\"yoast-schema-graph\">{\"@context\":\"https:\/\/schema.org\",\"@graph\":[{\"@type\":\"WebPage\",\"@id\":\"https:\/\/pegasuslingo.com\/?page_id=3501\/\",\"url\":\"https:\/\/pegasuslingo.com\/?page_id=3501\/\",\"name\":\"\u56e2\u961f Adam - Pegasus \u4e0a\u6d77\u8bd1\u60f3\u5bb6\u7ffb\u8bd1\u6709\u9650\u516c\u53f8\",\"isPartOf\":{\"@id\":\"https:\/\/pegasuslingo.com\/#website\"},\"datePublished\":\"2024-10-14T21:45:14+00:00\",\"dateModified\":\"2024-10-14T21:49:19+00:00\",\"description\":\"\u4e0a\u6d77\u8bd1\u60f3\u5bb6\u7ffb\u8bd1\u6709\u9650\u516c\u53f8\",\"breadcrumb\":{\"@id\":\"https:\/\/pegasuslingo.com\/?page_id=3501\/#breadcrumb\"},\"inLanguage\":\"zh-Hans\",\"potentialAction\":[{\"@type\":\"ReadAction\",\"target\":[\"https:\/\/pegasuslingo.com\/?page_id=3501\/\"]}]},{\"@type\":\"BreadcrumbList\",\"@id\":\"https:\/\/pegasuslingo.com\/?page_id=3501\/#breadcrumb\",\"itemListElement\":[{\"@type\":\"ListItem\",\"position\":1,\"name\":\"\u9996\u9875\",\"item\":\"https:\/\/pegasuslingo.com\/\"},{\"@type\":\"ListItem\",\"position\":2,\"name\":\"\u56e2\u961f Adam\"}]},{\"@type\":\"WebSite\",\"@id\":\"https:\/\/pegasuslingo.com\/#website\",\"url\":\"https:\/\/pegasuslingo.com\/\",\"name\":\"Pegasus\",\"description\":\"Soaring Beyond Borders\",\"publisher\":{\"@id\":\"https:\/\/pegasuslingo.com\/#organization\"},\"potentialAction\":[{\"@type\":\"SearchAction\",\"target\":{\"@type\":\"EntryPoint\",\"urlTemplate\":\"https:\/\/pegasuslingo.com\/?s={search_term_string}\"},\"query-input\":{\"@type\":\"PropertyValueSpecification\",\"valueRequired\":true,\"valueName\":\"search_term_string\"}}],\"inLanguage\":\"zh-Hans\"},{\"@type\":\"Organization\",\"@id\":\"https:\/\/pegasuslingo.com\/#organization\",\"name\":\"Pegasus\",\"url\":\"https:\/\/pegasuslingo.com\/\",\"logo\":{\"@type\":\"ImageObject\",\"inLanguage\":\"zh-Hans\",\"@id\":\"https:\/\/pegasuslingo.com\/#\/schema\/logo\/image\/\",\"url\":\"https:\/\/pegasuslingo.com\/wp-content\/uploads\/2025\/10\/DM_20251009075914_005.webp\",\"contentUrl\":\"https:\/\/pegasuslingo.com\/wp-content\/uploads\/2025\/10\/DM_20251009075914_005.webp\",\"width\":512,\"height\":512,\"caption\":\"Pegasus\"},\"image\":{\"@id\":\"https:\/\/pegasuslingo.com\/#\/schema\/logo\/image\/\"},\"sameAs\":[\"https:\/\/www.linkedin.com\/company\/pegasuslingo\"]}]}<\/script>\n<!-- \/ Yoast SEO plugin. -->","yoast_head_json":{"title":"\u56e2\u961f Adam - Pegasus \u4e0a\u6d77\u8bd1\u60f3\u5bb6\u7ffb\u8bd1\u6709\u9650\u516c\u53f8","description":"\u4e0a\u6d77\u8bd1\u60f3\u5bb6\u7ffb\u8bd1\u6709\u9650\u516c\u53f8","robots":{"index":"index","follow":"follow","max-snippet":"max-snippet:-1","max-image-preview":"max-image-preview:large","max-video-preview":"max-video-preview:-1"},"canonical":"https:\/\/pegasuslingo.com\/?page_id=3501\/","og_locale":"zh_CN","og_type":"article","og_title":"\u56e2\u961f Adam - Pegasus \u4e0a\u6d77\u8bd1\u60f3\u5bb6\u7ffb\u8bd1\u6709\u9650\u516c\u53f8","og_description":"\u4e0a\u6d77\u8bd1\u60f3\u5bb6\u7ffb\u8bd1\u6709\u9650\u516c\u53f8","og_url":"https:\/\/pegasuslingo.com\/?page_id=3501\/","og_site_name":"Pegasus","article_modified_time":"2024-10-14T21:49:19+00:00","twitter_card":"summary_large_image","twitter_misc":{"\u9884\u8ba1\u9605\u8bfb\u65f6\u95f4":"1 \u5206"},"schema":{"@context":"https:\/\/schema.org","@graph":[{"@type":"WebPage","@id":"https:\/\/pegasuslingo.com\/?page_id=3501\/","url":"https:\/\/pegasuslingo.com\/?page_id=3501\/","name":"\u56e2\u961f Adam - Pegasus \u4e0a\u6d77\u8bd1\u60f3\u5bb6\u7ffb\u8bd1\u6709\u9650\u516c\u53f8","isPartOf":{"@id":"https:\/\/pegasuslingo.com\/#website"},"datePublished":"2024-10-14T21:45:14+00:00","dateModified":"2024-10-14T21:49:19+00:00","description":"\u4e0a\u6d77\u8bd1\u60f3\u5bb6\u7ffb\u8bd1\u6709\u9650\u516c\u53f8","breadcrumb":{"@id":"https:\/\/pegasuslingo.com\/?page_id=3501\/#breadcrumb"},"inLanguage":"zh-Hans","potentialAction":[{"@type":"ReadAction","target":["https:\/\/pegasuslingo.com\/?page_id=3501\/"]}]},{"@type":"BreadcrumbList","@id":"https:\/\/pegasuslingo.com\/?page_id=3501\/#breadcrumb","itemListElement":[{"@type":"ListItem","position":1,"name":"\u9996\u9875","item":"https:\/\/pegasuslingo.com\/"},{"@type":"ListItem","position":2,"name":"\u56e2\u961f Adam"}]},{"@type":"WebSite","@id":"https:\/\/pegasuslingo.com\/#website","url":"https:\/\/pegasuslingo.com\/","name":"Pegasus","description":"Soaring Beyond Borders","publisher":{"@id":"https:\/\/pegasuslingo.com\/#organization"},"potentialAction":[{"@type":"SearchAction","target":{"@type":"EntryPoint","urlTemplate":"https:\/\/pegasuslingo.com\/?s={search_term_string}"},"query-input":{"@type":"PropertyValueSpecification","valueRequired":true,"valueName":"search_term_string"}}],"inLanguage":"zh-Hans"},{"@type":"Organization","@id":"https:\/\/pegasuslingo.com\/#organization","name":"Pegasus","url":"https:\/\/pegasuslingo.com\/","logo":{"@type":"ImageObject","inLanguage":"zh-Hans","@id":"https:\/\/pegasuslingo.com\/#\/schema\/logo\/image\/","url":"https:\/\/pegasuslingo.com\/wp-content\/uploads\/2025\/10\/DM_20251009075914_005.webp","contentUrl":"https:\/\/pegasuslingo.com\/wp-content\/uploads\/2025\/10\/DM_20251009075914_005.webp","width":512,"height":512,"caption":"Pegasus"},"image":{"@id":"https:\/\/pegasuslingo.com\/#\/schema\/logo\/image\/"},"sameAs":["https:\/\/www.linkedin.com\/company\/pegasuslingo"]}]}},"_links":{"self":[{"href":"https:\/\/pegasuslingo.com\/index.php?rest_route=\/wp\/v2\/pages\/3501","targetHints":{"allow":["GET"]}}],"collection":[{"href":"https:\/\/pegasuslingo.com\/index.php?rest_route=\/wp\/v2\/pages"}],"about":[{"href":"https:\/\/pegasuslingo.com\/index.php?rest_route=\/wp\/v2\/types\/page"}],"author":[{"embeddable":true,"href":"https:\/\/pegasuslingo.com\/index.php?rest_route=\/wp\/v2\/users\/1"}],"replies":[{"embeddable":true,"href":"https:\/\/pegasuslingo.com\/index.php?rest_route=%2Fwp%2Fv2%2Fcomments&post=3501"}],"version-history":[{"count":4,"href":"https:\/\/pegasuslingo.com\/index.php?rest_route=\/wp\/v2\/pages\/3501\/revisions"}],"predecessor-version":[{"id":3506,"href":"https:\/\/pegasuslingo.com\/index.php?rest_route=\/wp\/v2\/pages\/3501\/revisions\/3506"}],"wp:attachment":[{"href":"https:\/\/pegasuslingo.com\/index.php?rest_route=%2Fwp%2Fv2%2Fmedia&parent=3501"}],"curies":[{"name":"wp","href":"https:\/\/api.w.org\/{rel}","templated":true}]}}