{"id":3473,"date":"2024-10-14T21:29:27","date_gmt":"2024-10-14T21:29:27","guid":{"rendered":"http:\/\/pegasuslingo.com\/?page_id=3473"},"modified":"2024-10-14T21:37:37","modified_gmt":"2024-10-14T21:37:37","slug":"%e5%9b%a2%e9%98%9f%e9%bb%84%e6%95%99%e6%8e%88-professor-huang","status":"publish","type":"page","link":"https:\/\/pegasuslingo.com\/?page_id=3473\/","title":{"rendered":"\u56e2\u961f\u9ec4\u6559\u6388 Professor Huang"},"content":{"rendered":"\t\t<div data-elementor-type=\"wp-page\" data-elementor-id=\"3473\" class=\"elementor elementor-3473\">\n\t\t\t\t<div class=\"elementor-element elementor-element-f4e8278 team-details section-padding fix e-flex e-con-boxed e-con e-parent\" data-id=\"f4e8278\" data-element_type=\"container\">\n\t\t\t\t\t<div class=\"e-con-inner\">\n\t\t<div class=\"elementor-element elementor-element-694098d e-con-full team-details-wrapper e-flex e-con e-child\" data-id=\"694098d\" data-element_type=\"container\">\n\t\t\t\t<div class=\"elementor-element elementor-element-c1817a0 elementor-widget elementor-widget-azent_team_details\" data-id=\"c1817a0\" data-element_type=\"widget\" data-widget_type=\"azent_team_details.default\">\n\t\t\t\t<div class=\"elementor-widget-container\">\n\t\t\t\r\n            <!-- team details Section Start -->\r\n            <div class=\"team-details-image-area\">\r\n                <div class=\"row g-4\">\r\n                    <div class=\"col-lg-2\">\r\n                        <h2 class=\"text\"> \u8bd1\u60f3\u5bb6<\/h2>\r\n                    <\/div>\r\n                    <div class=\"col-lg-4\">\r\n                        <div class=\"details-iamge bg-cover\" style=\"background-image: url(https:\/\/pegasuslingo.com\/wp-content\/uploads\/2024\/10\/\u9ec4\u6559\u6388.png);\"><\/div>\r\n                    <\/div>\r\n                    <div class=\"col-lg-1\"><\/div>\r\n                    <div class=\"col-lg-4\">\r\n                        <div class=\"right-content\">\r\n                            <h2>\u9ec4\u6559\u6388 Professor Huang\n\n<\/h2>\r\n                            <p>\u4e13\u5bb6\u987e\u95ee<\/p>\r\n                            <div class=\"list\">\r\n                                                                    <h5 class=\"mb-3\">\u82f1\u8bed\uff1a<span>Expert Consultant <\/span>\n<\/h5>\r\n                                                                    <h5 class=\"mb-3\">\u897f\u8bed\uff1a<span>Consultor Experto<\/span>\n<\/h5>\r\n                                                            <\/div>\r\n                                                            <div class=\"social-icon d-flex align-items-center\">\r\n                                                                            <a href=\"https:\/\/www.facebook.com\" class=\"color-1\">                                                                                                                                        <i class=\"fab fa-facebook-f\"><\/i>\r\n                                            <\/a>\r\n                                                                            <a href=\"https:\/\/www.twitter.com\" class=\"color-2\">                                                                                                                                        <i class=\"fab fa-twitter\"><\/i>\r\n                                            <\/a>\r\n                                                                            <a href=\"https:\/\/www.youtube.com\" class=\"color-3\">                                                                                                                                        <i class=\"fab fa-youtube\"><\/i>\r\n                                            <\/a>\r\n                                                                            <a href=\"https:\/\/www.linkedin.com\" class=\"color-4\">                                                                                                                                        <i class=\"fab fa-linkedin-in\"><\/i>\r\n                                            <\/a>\r\n                                                                    <\/div>\r\n                                                    <\/div>\r\n                    <\/div>\r\n                <\/div>\r\n            <\/div>\r\n            <!-- team details  End  -->\r\n\t\t<\/div>\n\t\t\t\t<\/div>\n\t\t<div class=\"elementor-element elementor-element-1ad98b2 e-con-full team-details-content section-padding pb-0 e-flex e-con e-child\" data-id=\"1ad98b2\" data-element_type=\"container\">\n\t\t\t\t<div class=\"elementor-element elementor-element-059efc5 elementor-widget elementor-widget-heading\" data-id=\"059efc5\" data-element_type=\"widget\" data-widget_type=\"heading.default\">\n\t\t\t\t<div class=\"elementor-widget-container\">\n\t\t\t<h2 class=\"elementor-heading-title elementor-size-default\">\u4e2d\u6587\u4ecb\u7ecd:<\/h2>\t\t<\/div>\n\t\t\t\t<\/div>\n\t\t\t\t<div class=\"elementor-element elementor-element-c386706 elementor-widget elementor-widget-text-editor\" data-id=\"c386706\" data-element_type=\"widget\" data-widget_type=\"text-editor.default\">\n\t\t\t\t<div class=\"elementor-widget-container\">\n\t\t\t\t\t\t\t<p>\u4e0a\u5916\u9ad8\u7ffb\u5b66\u9662\u535a\u58eb\u751f\u5bfc\u5e08\uff0c\u56fd\u5bb6\u7ea7\u6559\u5b66\u6210\u679c\u5956\u4e8c\u7b49\u5956\u3001\u4e0a\u6d77\u5e02\u6559\u5b66\u6210\u679c\u5956\u4e00\u7b49\u5956\u3001\u4e0a\u6d77\u80b2\u624d\u5956\u83b7\u5f97\u8005\uff0c\u4e3b\u8981\u4ece\u4e8b\u7ffb\u8bd1\u5b9e\u8df5\u3001\u7814\u7a76\u548c\u6559\u5b66\uff0c\u4e3b\u6301\u4e09\u9879\u56fd\u5bb6\u793e\u79d1\u57fa\u91d1\u4e2d\u534e\u5b66\u672f\u5916\u8bd1\u9879\u76ee\uff0c\u51fa\u7248\u8bd1\u8457\u6570\u5341\u90e8\u3002\u4e1a\u4f59\u65f6\u95f4\u559c\u6b22\u9a6c\u62c9\u677e\u548c\u8dd1\u6b65\u953b\u70bc\u3002<\/p>\t\t\t\t\t\t<\/div>\n\t\t\t\t<\/div>\n\t\t\t\t<div class=\"elementor-element elementor-element-78f6c77 elementor-widget elementor-widget-azent_team_skill\" data-id=\"78f6c77\" data-element_type=\"widget\" data-widget_type=\"azent_team_skill.default\">\n\t\t\t\t<div class=\"elementor-widget-container\">\n\t\t\t\r\n            <!-- Team Skill Section Start -->\r\n            <div class=\"details-information-area\">\r\n                <div class=\"row g-4 justify-content-between\">\r\n                    <div class=\"col-lg-5\">\r\n                        <div class=\"progress-wrap\">\r\n                                                            <div class=\"pro-items\">\r\n                                    <div class=\"pro-head\">\r\n                                        <h6 class=\"title\">\r\n                                            \u56fd\u5bb6\u7ea7\u6559\u5b66\u6210\u679c\u5956\u4e8c\u7b49\u5956\u3001\u4e0a\u6d77\u5e02\u6559\u5b66\u6210\u679c\u5956\u4e00\u7b49\u5956                                        <\/h6>\r\n                                        <span class=\"point\">\r\n                                            \u7cbe\u901a                                        <\/span>\r\n                                    <\/div>\r\n                                    <div class=\"progress\">\r\n                                        <div class=\"progress-value\"><\/div>\r\n                                    <\/div>\r\n                                <\/div>\r\n                                                            <div class=\"pro-items\">\r\n                                    <div class=\"pro-head\">\r\n                                        <h6 class=\"title\">\r\n                                            \u4e3b\u6301\u4e09\u9879\u56fd\u5bb6\u793e\u79d1\u57fa\u91d1\u4e2d\u534e\u5b66\u672f\u5916\u8bd1\u9879\u76ee                                        <\/h6>\r\n                                        <span class=\"point\">\r\n                                            \u4e13\u4e1a                                        <\/span>\r\n                                    <\/div>\r\n                                    <div class=\"progress\">\r\n                                        <div class=\"progress-value\"><\/div>\r\n                                    <\/div>\r\n                                <\/div>\r\n                                                    <\/div>\r\n                    <\/div>\r\n                    <div class=\"col-lg-6\">\r\n                        <div class=\"information-content-items\">\r\n                                                            <div class=\"content-box-area\">\r\n                                    <div class=\"content mb-4\">\r\n                                        <h3>\u4e0a\u5916\u9ad8\u7ffb\u5b66\u9662\u535a\u58eb\u751f\u5bfc\u5e08<\/h3>\r\n                                        <p><\/p>\r\n                                    <\/div>\r\n                                    <div class=\"content\">\r\n                                        <h3><\/h3>\r\n                                        <p><\/p>\r\n                                    <\/div>\r\n                                <\/div>\r\n                                                    <\/div>\r\n                    <\/div>\r\n                <\/div>\r\n            <\/div>\r\n            <!-- End  Team Details Style One -->\r\n\r\n\r\n\t\t<\/div>\n\t\t\t\t<\/div>\n\t\t\t\t<div class=\"elementor-element elementor-element-f86d19c elementor-widget elementor-widget-spacer\" data-id=\"f86d19c\" data-element_type=\"widget\" data-widget_type=\"spacer.default\">\n\t\t\t\t<div class=\"elementor-widget-container\">\n\t\t\t\t\t<div class=\"elementor-spacer\">\n\t\t\t<div class=\"elementor-spacer-inner\"><\/div>\n\t\t<\/div>\n\t\t\t\t<\/div>\n\t\t\t\t<\/div>\n\t\t\t\t<div class=\"elementor-element elementor-element-22fb311 elementor-widget elementor-widget-heading\" data-id=\"22fb311\" data-element_type=\"widget\" data-widget_type=\"heading.default\">\n\t\t\t\t<div class=\"elementor-widget-container\">\n\t\t\t<h2 class=\"elementor-heading-title elementor-size-default\">\u82f1\u8bed\u7b80\u4ecb\uff1a<\/h2>\t\t<\/div>\n\t\t\t\t<\/div>\n\t\t\t\t<div class=\"elementor-element elementor-element-7ba9031 elementor-widget elementor-widget-text-editor\" data-id=\"7ba9031\" data-element_type=\"widget\" data-widget_type=\"text-editor.default\">\n\t\t\t\t<div class=\"elementor-widget-container\">\n\t\t\t\t\t\t\t<p>\u00a0<\/p><p>Ph.D. advisor at the Graduate Institute of Interpretation and Translation of Shanghai International Studies University (SISU), recipient of the National Teaching Achievement Award (Second Prize), Shanghai Teaching Achievement Award (First Prize), and the Shanghai Talent Award. Specializes in translation practice, research, and teaching, and has led three National Social Science Fund projects on Chinese academic translation. He has published dozens of translated works. In his spare time, he enjoys marathons and running exercises.<\/p>\t\t\t\t\t\t<\/div>\n\t\t\t\t<\/div>\n\t\t\t\t<div class=\"elementor-element elementor-element-598ead2 elementor-widget elementor-widget-spacer\" data-id=\"598ead2\" data-element_type=\"widget\" data-widget_type=\"spacer.default\">\n\t\t\t\t<div class=\"elementor-widget-container\">\n\t\t\t\t\t<div class=\"elementor-spacer\">\n\t\t\t<div class=\"elementor-spacer-inner\"><\/div>\n\t\t<\/div>\n\t\t\t\t<\/div>\n\t\t\t\t<\/div>\n\t\t\t\t<\/div>\n\t\t\t\t<\/div>\n\t\t\t\t<div class=\"elementor-element elementor-element-6fab4d9 elementor-widget elementor-widget-heading\" data-id=\"6fab4d9\" data-element_type=\"widget\" data-widget_type=\"heading.default\">\n\t\t\t\t<div class=\"elementor-widget-container\">\n\t\t\t<h2 class=\"elementor-heading-title elementor-size-default\">\u897f\u8bed\u7b80\u4ecb\uff1a<\/h2>\t\t<\/div>\n\t\t\t\t<\/div>\n\t\t\t\t<div class=\"elementor-element elementor-element-7478f7e elementor-widget elementor-widget-spacer\" data-id=\"7478f7e\" data-element_type=\"widget\" data-widget_type=\"spacer.default\">\n\t\t\t\t<div class=\"elementor-widget-container\">\n\t\t\t\t\t<div class=\"elementor-spacer\">\n\t\t\t<div class=\"elementor-spacer-inner\"><\/div>\n\t\t<\/div>\n\t\t\t\t<\/div>\n\t\t\t\t<\/div>\n\t\t\t\t<div class=\"elementor-element elementor-element-f985264 elementor-widget elementor-widget-text-editor\" data-id=\"f985264\" data-element_type=\"widget\" data-widget_type=\"text-editor.default\">\n\t\t\t\t<div class=\"elementor-widget-container\">\n\t\t\t\t\t\t\t<p>\u00a0<\/p><p>Asesor de doctorado en el Instituto de Interpretaci\u00f3n y Traducci\u00f3n de la Universidad de Estudios Internacionales de Shangh\u00e1i (SISU), ganador del Premio Nacional a la Excelencia en la Ense\u00f1anza (Segundo Premio), del Premio a la Excelencia en la Ense\u00f1anza de Shangh\u00e1i (Primer Premio) y del Premio al Talento de Shangh\u00e1i. Se especializa en la pr\u00e1ctica, investigaci\u00f3n y ense\u00f1anza de la traducci\u00f3n, y ha dirigido tres proyectos del Fondo Nacional de Ciencias Sociales sobre la traducci\u00f3n acad\u00e9mica china. Ha publicado decenas de obras traducidas. En su tiempo libre, disfruta de los maratones y del ejercicio de correr.<\/p>\t\t\t\t\t\t<\/div>\n\t\t\t\t<\/div>\n\t\t\t\t\t<\/div>\n\t\t\t\t<\/div>\n\t\t\t\t<\/div>\n\t\t","protected":false},"excerpt":{"rendered":"<p>\u8bd1\u60f3\u5bb6 \u9ec4\u6559\u6388 Professor Huang \u4e13\u5bb6\u987e\u95ee \u82f1\u8bed\uff1aExpert Consultant \u897f\u8bed\uff1aCo&#8230;<\/p>\n","protected":false},"author":1,"featured_media":0,"parent":0,"menu_order":0,"comment_status":"closed","ping_status":"closed","template":"","meta":{"footnotes":""},"class_list":["post-3473","page","type-page","status-publish","hentry"],"yoast_head":"<!-- This site is optimized with the Yoast SEO plugin v26.1.1 - https:\/\/yoast.com\/wordpress\/plugins\/seo\/ -->\n<title>\u56e2\u961f\u9ec4\u6559\u6388 Professor Huang - Pegasus \u4e0a\u6d77\u8bd1\u60f3\u5bb6\u7ffb\u8bd1\u6709\u9650\u516c\u53f8<\/title>\n<meta name=\"description\" content=\"\u4e0a\u6d77\u8bd1\u60f3\u5bb6\u7ffb\u8bd1\u6709\u9650\u516c\u53f8\" \/>\n<meta name=\"robots\" content=\"index, follow, max-snippet:-1, max-image-preview:large, max-video-preview:-1\" \/>\n<link rel=\"canonical\" href=\"https:\/\/pegasuslingo.com\/?page_id=3473\/\" \/>\n<meta property=\"og:locale\" content=\"zh_CN\" \/>\n<meta property=\"og:type\" content=\"article\" \/>\n<meta property=\"og:title\" content=\"\u56e2\u961f\u9ec4\u6559\u6388 Professor Huang - Pegasus \u4e0a\u6d77\u8bd1\u60f3\u5bb6\u7ffb\u8bd1\u6709\u9650\u516c\u53f8\" \/>\n<meta property=\"og:description\" content=\"\u4e0a\u6d77\u8bd1\u60f3\u5bb6\u7ffb\u8bd1\u6709\u9650\u516c\u53f8\" \/>\n<meta property=\"og:url\" content=\"https:\/\/pegasuslingo.com\/?page_id=3473\/\" \/>\n<meta property=\"og:site_name\" content=\"Pegasus\" \/>\n<meta property=\"article:modified_time\" content=\"2024-10-14T21:37:37+00:00\" \/>\n<meta name=\"twitter:card\" content=\"summary_large_image\" \/>\n<meta name=\"twitter:label1\" content=\"\u9884\u8ba1\u9605\u8bfb\u65f6\u95f4\" \/>\n\t<meta name=\"twitter:data1\" content=\"1 \u5206\" \/>\n<script type=\"application\/ld+json\" class=\"yoast-schema-graph\">{\"@context\":\"https:\/\/schema.org\",\"@graph\":[{\"@type\":\"WebPage\",\"@id\":\"https:\/\/pegasuslingo.com\/?page_id=3473\/\",\"url\":\"https:\/\/pegasuslingo.com\/?page_id=3473\/\",\"name\":\"\u56e2\u961f\u9ec4\u6559\u6388 Professor Huang - Pegasus \u4e0a\u6d77\u8bd1\u60f3\u5bb6\u7ffb\u8bd1\u6709\u9650\u516c\u53f8\",\"isPartOf\":{\"@id\":\"https:\/\/pegasuslingo.com\/#website\"},\"datePublished\":\"2024-10-14T21:29:27+00:00\",\"dateModified\":\"2024-10-14T21:37:37+00:00\",\"description\":\"\u4e0a\u6d77\u8bd1\u60f3\u5bb6\u7ffb\u8bd1\u6709\u9650\u516c\u53f8\",\"breadcrumb\":{\"@id\":\"https:\/\/pegasuslingo.com\/?page_id=3473\/#breadcrumb\"},\"inLanguage\":\"zh-Hans\",\"potentialAction\":[{\"@type\":\"ReadAction\",\"target\":[\"https:\/\/pegasuslingo.com\/?page_id=3473\/\"]}]},{\"@type\":\"BreadcrumbList\",\"@id\":\"https:\/\/pegasuslingo.com\/?page_id=3473\/#breadcrumb\",\"itemListElement\":[{\"@type\":\"ListItem\",\"position\":1,\"name\":\"\u9996\u9875\",\"item\":\"https:\/\/pegasuslingo.com\/\"},{\"@type\":\"ListItem\",\"position\":2,\"name\":\"\u56e2\u961f\u9ec4\u6559\u6388 Professor Huang\"}]},{\"@type\":\"WebSite\",\"@id\":\"https:\/\/pegasuslingo.com\/#website\",\"url\":\"https:\/\/pegasuslingo.com\/\",\"name\":\"Pegasus\",\"description\":\"Soaring Beyond Borders\",\"publisher\":{\"@id\":\"https:\/\/pegasuslingo.com\/#organization\"},\"potentialAction\":[{\"@type\":\"SearchAction\",\"target\":{\"@type\":\"EntryPoint\",\"urlTemplate\":\"https:\/\/pegasuslingo.com\/?s={search_term_string}\"},\"query-input\":{\"@type\":\"PropertyValueSpecification\",\"valueRequired\":true,\"valueName\":\"search_term_string\"}}],\"inLanguage\":\"zh-Hans\"},{\"@type\":\"Organization\",\"@id\":\"https:\/\/pegasuslingo.com\/#organization\",\"name\":\"Pegasus\",\"url\":\"https:\/\/pegasuslingo.com\/\",\"logo\":{\"@type\":\"ImageObject\",\"inLanguage\":\"zh-Hans\",\"@id\":\"https:\/\/pegasuslingo.com\/#\/schema\/logo\/image\/\",\"url\":\"https:\/\/pegasuslingo.com\/wp-content\/uploads\/2025\/10\/DM_20251009075914_005.webp\",\"contentUrl\":\"https:\/\/pegasuslingo.com\/wp-content\/uploads\/2025\/10\/DM_20251009075914_005.webp\",\"width\":512,\"height\":512,\"caption\":\"Pegasus\"},\"image\":{\"@id\":\"https:\/\/pegasuslingo.com\/#\/schema\/logo\/image\/\"},\"sameAs\":[\"https:\/\/www.linkedin.com\/company\/pegasuslingo\"]}]}<\/script>\n<!-- \/ Yoast SEO plugin. -->","yoast_head_json":{"title":"\u56e2\u961f\u9ec4\u6559\u6388 Professor Huang - Pegasus \u4e0a\u6d77\u8bd1\u60f3\u5bb6\u7ffb\u8bd1\u6709\u9650\u516c\u53f8","description":"\u4e0a\u6d77\u8bd1\u60f3\u5bb6\u7ffb\u8bd1\u6709\u9650\u516c\u53f8","robots":{"index":"index","follow":"follow","max-snippet":"max-snippet:-1","max-image-preview":"max-image-preview:large","max-video-preview":"max-video-preview:-1"},"canonical":"https:\/\/pegasuslingo.com\/?page_id=3473\/","og_locale":"zh_CN","og_type":"article","og_title":"\u56e2\u961f\u9ec4\u6559\u6388 Professor Huang - Pegasus \u4e0a\u6d77\u8bd1\u60f3\u5bb6\u7ffb\u8bd1\u6709\u9650\u516c\u53f8","og_description":"\u4e0a\u6d77\u8bd1\u60f3\u5bb6\u7ffb\u8bd1\u6709\u9650\u516c\u53f8","og_url":"https:\/\/pegasuslingo.com\/?page_id=3473\/","og_site_name":"Pegasus","article_modified_time":"2024-10-14T21:37:37+00:00","twitter_card":"summary_large_image","twitter_misc":{"\u9884\u8ba1\u9605\u8bfb\u65f6\u95f4":"1 \u5206"},"schema":{"@context":"https:\/\/schema.org","@graph":[{"@type":"WebPage","@id":"https:\/\/pegasuslingo.com\/?page_id=3473\/","url":"https:\/\/pegasuslingo.com\/?page_id=3473\/","name":"\u56e2\u961f\u9ec4\u6559\u6388 Professor Huang - Pegasus \u4e0a\u6d77\u8bd1\u60f3\u5bb6\u7ffb\u8bd1\u6709\u9650\u516c\u53f8","isPartOf":{"@id":"https:\/\/pegasuslingo.com\/#website"},"datePublished":"2024-10-14T21:29:27+00:00","dateModified":"2024-10-14T21:37:37+00:00","description":"\u4e0a\u6d77\u8bd1\u60f3\u5bb6\u7ffb\u8bd1\u6709\u9650\u516c\u53f8","breadcrumb":{"@id":"https:\/\/pegasuslingo.com\/?page_id=3473\/#breadcrumb"},"inLanguage":"zh-Hans","potentialAction":[{"@type":"ReadAction","target":["https:\/\/pegasuslingo.com\/?page_id=3473\/"]}]},{"@type":"BreadcrumbList","@id":"https:\/\/pegasuslingo.com\/?page_id=3473\/#breadcrumb","itemListElement":[{"@type":"ListItem","position":1,"name":"\u9996\u9875","item":"https:\/\/pegasuslingo.com\/"},{"@type":"ListItem","position":2,"name":"\u56e2\u961f\u9ec4\u6559\u6388 Professor Huang"}]},{"@type":"WebSite","@id":"https:\/\/pegasuslingo.com\/#website","url":"https:\/\/pegasuslingo.com\/","name":"Pegasus","description":"Soaring Beyond Borders","publisher":{"@id":"https:\/\/pegasuslingo.com\/#organization"},"potentialAction":[{"@type":"SearchAction","target":{"@type":"EntryPoint","urlTemplate":"https:\/\/pegasuslingo.com\/?s={search_term_string}"},"query-input":{"@type":"PropertyValueSpecification","valueRequired":true,"valueName":"search_term_string"}}],"inLanguage":"zh-Hans"},{"@type":"Organization","@id":"https:\/\/pegasuslingo.com\/#organization","name":"Pegasus","url":"https:\/\/pegasuslingo.com\/","logo":{"@type":"ImageObject","inLanguage":"zh-Hans","@id":"https:\/\/pegasuslingo.com\/#\/schema\/logo\/image\/","url":"https:\/\/pegasuslingo.com\/wp-content\/uploads\/2025\/10\/DM_20251009075914_005.webp","contentUrl":"https:\/\/pegasuslingo.com\/wp-content\/uploads\/2025\/10\/DM_20251009075914_005.webp","width":512,"height":512,"caption":"Pegasus"},"image":{"@id":"https:\/\/pegasuslingo.com\/#\/schema\/logo\/image\/"},"sameAs":["https:\/\/www.linkedin.com\/company\/pegasuslingo"]}]}},"_links":{"self":[{"href":"https:\/\/pegasuslingo.com\/index.php?rest_route=\/wp\/v2\/pages\/3473","targetHints":{"allow":["GET"]}}],"collection":[{"href":"https:\/\/pegasuslingo.com\/index.php?rest_route=\/wp\/v2\/pages"}],"about":[{"href":"https:\/\/pegasuslingo.com\/index.php?rest_route=\/wp\/v2\/types\/page"}],"author":[{"embeddable":true,"href":"https:\/\/pegasuslingo.com\/index.php?rest_route=\/wp\/v2\/users\/1"}],"replies":[{"embeddable":true,"href":"https:\/\/pegasuslingo.com\/index.php?rest_route=%2Fwp%2Fv2%2Fcomments&post=3473"}],"version-history":[{"count":7,"href":"https:\/\/pegasuslingo.com\/index.php?rest_route=\/wp\/v2\/pages\/3473\/revisions"}],"predecessor-version":[{"id":3489,"href":"https:\/\/pegasuslingo.com\/index.php?rest_route=\/wp\/v2\/pages\/3473\/revisions\/3489"}],"wp:attachment":[{"href":"https:\/\/pegasuslingo.com\/index.php?rest_route=%2Fwp%2Fv2%2Fmedia&parent=3473"}],"curies":[{"name":"wp","href":"https:\/\/api.w.org\/{rel}","templated":true}]}}